{"id":2,"date":"2023-09-06T13:14:32","date_gmt":"2023-09-06T13:14:32","guid":{"rendered":"https:\/\/ladypulsar.net\/?page_id=2"},"modified":"2026-05-16T06:12:10","modified_gmt":"2026-05-16T06:12:10","slug":"eintritt","status":"publish","type":"page","link":"https:\/\/ladypulsar.net\/","title":{"rendered":"Eintritt"},"content":{"rendered":"\t\t<div data-elementor-type=\"wp-page\" data-elementor-id=\"2\" class=\"elementor elementor-2\">\n\t\t\t\t\t\t<section class=\"elementor-section elementor-top-section elementor-element elementor-element-7146b26f elementor-section-boxed elementor-section-height-default elementor-section-height-default\" data-id=\"7146b26f\" data-element_type=\"section\" data-e-type=\"section\" data-settings=\"{&quot;background_background&quot;:&quot;classic&quot;}\">\n\t\t\t\t\t\t<div class=\"elementor-container elementor-column-gap-default\">\n\t\t\t\t\t<div class=\"elementor-column elementor-col-100 elementor-top-column elementor-element elementor-element-4bc4f801\" data-id=\"4bc4f801\" data-element_type=\"column\" data-e-type=\"column\">\n\t\t\t<div class=\"elementor-widget-wrap elementor-element-populated\">\n\t\t\t\t\t\t<div class=\"elementor-element elementor-element-31f292fe elementor-widget elementor-widget-heading\" data-id=\"31f292fe\" data-element_type=\"widget\" data-e-type=\"widget\" data-widget_type=\"heading.default\">\n\t\t\t\t<div class=\"elementor-widget-container\">\n\t\t\t\t\t<span class=\"elementor-heading-title elementor-size-xl\">Wichtiger Hinweis - Jugendschutzgesetz<\/span>\t\t\t\t<\/div>\n\t\t\t\t<\/div>\n\t\t\t\t<div class=\"elementor-element elementor-element-235b70ef elementor-widget elementor-widget-text-editor\" data-id=\"235b70ef\" data-element_type=\"widget\" data-e-type=\"widget\" data-widget_type=\"text-editor.default\">\n\t\t\t\t<div class=\"elementor-widget-container\">\n\t\t\t\t\t\t\t\t\t<p>Die folgenden Seiten enthalten in Bild und Text Material zum Thema Fetsich und SM. Jugendliche unter 18 Jahren oder Personen, die nach den Gesetzen ihres Landes noch nicht vollj\u00e4hrig sind, m\u00fcssen diese Homepage jetzt verlassen! Danke.<\/p><p>Lady Pulsar<\/p>\t\t\t\t\t\t\t\t<\/div>\n\t\t\t\t<\/div>\n\t\t\t\t<section class=\"elementor-section elementor-inner-section elementor-element elementor-element-7340458b elementor-section-boxed elementor-section-height-default elementor-section-height-default\" data-id=\"7340458b\" data-element_type=\"section\" data-e-type=\"section\">\n\t\t\t\t\t\t<div class=\"elementor-container elementor-column-gap-default\">\n\t\t\t\t\t<div class=\"elementor-column elementor-col-50 elementor-inner-column elementor-element elementor-element-1dff736d\" data-id=\"1dff736d\" data-element_type=\"column\" data-e-type=\"column\">\n\t\t\t<div class=\"elementor-widget-wrap elementor-element-populated\">\n\t\t\t\t\t\t<div class=\"elementor-element elementor-element-3da54134 elementor-button-danger elementor-align-center elementor-widget elementor-widget-button\" data-id=\"3da54134\" data-element_type=\"widget\" data-e-type=\"widget\" data-widget_type=\"button.default\">\n\t\t\t\t<div class=\"elementor-widget-container\">\n\t\t\t\t\t\t\t\t\t<div class=\"elementor-button-wrapper\">\n\t\t\t\t\t<a class=\"elementor-button elementor-button-link elementor-size-md\" href=\"https:\/\/www.google.com\/\">\n\t\t\t\t\t\t<span class=\"elementor-button-content-wrapper\">\n\t\t\t\t\t\t\t\t\t<span class=\"elementor-button-text\">Jetzt verlassen<\/span>\n\t\t\t\t\t<\/span>\n\t\t\t\t\t<\/a>\n\t\t\t\t<\/div>\n\t\t\t\t\t\t\t\t<\/div>\n\t\t\t\t<\/div>\n\t\t\t\t\t<\/div>\n\t\t<\/div>\n\t\t\t\t<div class=\"elementor-column elementor-col-50 elementor-inner-column elementor-element elementor-element-ab0b95a\" data-id=\"ab0b95a\" data-element_type=\"column\" data-e-type=\"column\">\n\t\t\t<div class=\"elementor-widget-wrap elementor-element-populated\">\n\t\t\t\t\t\t<div class=\"elementor-element elementor-element-2ddeb5f1 elementor-button-danger elementor-align-center elementor-widget elementor-widget-button\" data-id=\"2ddeb5f1\" data-element_type=\"widget\" data-e-type=\"widget\" data-widget_type=\"button.default\">\n\t\t\t\t<div class=\"elementor-widget-container\">\n\t\t\t\t\t\t\t\t\t<div class=\"elementor-button-wrapper\">\n\t\t\t\t\t<a class=\"elementor-button elementor-button-link elementor-size-md\" href=\"https:\/\/ladypulsar.net\/?page_id=824\">\n\t\t\t\t\t\t<span class=\"elementor-button-content-wrapper\">\n\t\t\t\t\t\t\t\t\t<span class=\"elementor-button-text\">Ich bin \u00fcber 18<\/span>\n\t\t\t\t\t<\/span>\n\t\t\t\t\t<\/a>\n\t\t\t\t<\/div>\n\t\t\t\t\t\t\t\t<\/div>\n\t\t\t\t<\/div>\n\t\t\t\t\t<\/div>\n\t\t<\/div>\n\t\t\t\t\t<\/div>\n\t\t<\/section>\n\t\t\t\t<section class=\"elementor-section elementor-inner-section elementor-element elementor-element-af6f37f elementor-section-boxed elementor-section-height-default elementor-section-height-default\" data-id=\"af6f37f\" data-element_type=\"section\" data-e-type=\"section\">\n\t\t\t\t\t\t<div class=\"elementor-container elementor-column-gap-default\">\n\t\t\t\t\t<div class=\"elementor-column elementor-col-100 elementor-inner-column elementor-element elementor-element-e5670f9\" data-id=\"e5670f9\" data-element_type=\"column\" data-e-type=\"column\">\n\t\t\t<div class=\"elementor-widget-wrap elementor-element-populated\">\n\t\t\t\t\t\t<div class=\"elementor-element elementor-element-3ff8d53a elementor-widget elementor-widget-heading\" data-id=\"3ff8d53a\" data-element_type=\"widget\" data-e-type=\"widget\" data-widget_type=\"heading.default\">\n\t\t\t\t<div class=\"elementor-widget-container\">\n\t\t\t\t\t<span class=\"elementor-heading-title elementor-size-xl\">Important note - Youth Protection<\/span>\t\t\t\t<\/div>\n\t\t\t\t<\/div>\n\t\t\t\t<div class=\"elementor-element elementor-element-7dc5600d elementor-widget elementor-widget-text-editor\" data-id=\"7dc5600d\" data-element_type=\"widget\" data-e-type=\"widget\" data-widget_type=\"text-editor.default\">\n\t\t\t\t<div class=\"elementor-widget-container\">\n\t\t\t\t\t\t\t\t\t<p>The following pages contain material about fetish and SM in picture and text. Young people under 18 or persons who are unter the age of 18 under the laws of their country now have do leave this homepage! Thanks<\/p><p>Lady Pulsar<\/p>\t\t\t\t\t\t\t\t<\/div>\n\t\t\t\t<\/div>\n\t\t\t\t\t<\/div>\n\t\t<\/div>\n\t\t\t\t\t<\/div>\n\t\t<\/section>\n\t\t\t\t<section class=\"elementor-section elementor-inner-section elementor-element elementor-element-013eedf elementor-section-boxed elementor-section-height-default elementor-section-height-default\" data-id=\"013eedf\" data-element_type=\"section\" data-e-type=\"section\">\n\t\t\t\t\t\t<div class=\"elementor-container elementor-column-gap-default\">\n\t\t\t\t\t<div class=\"elementor-column elementor-col-50 elementor-inner-column elementor-element elementor-element-1e373b1\" data-id=\"1e373b1\" data-element_type=\"column\" data-e-type=\"column\">\n\t\t\t<div class=\"elementor-widget-wrap elementor-element-populated\">\n\t\t\t\t\t\t<div class=\"elementor-element elementor-element-d59a663 elementor-button-danger elementor-align-center elementor-widget elementor-widget-button\" data-id=\"d59a663\" data-element_type=\"widget\" data-e-type=\"widget\" data-widget_type=\"button.default\">\n\t\t\t\t<div class=\"elementor-widget-container\">\n\t\t\t\t\t\t\t\t\t<div class=\"elementor-button-wrapper\">\n\t\t\t\t\t<a class=\"elementor-button elementor-button-link elementor-size-md\" href=\"https:\/\/www.google.com\/\">\n\t\t\t\t\t\t<span class=\"elementor-button-content-wrapper\">\n\t\t\t\t\t\t\t\t\t<span class=\"elementor-button-text\">Leave now<\/span>\n\t\t\t\t\t<\/span>\n\t\t\t\t\t<\/a>\n\t\t\t\t<\/div>\n\t\t\t\t\t\t\t\t<\/div>\n\t\t\t\t<\/div>\n\t\t\t\t\t<\/div>\n\t\t<\/div>\n\t\t\t\t<div class=\"elementor-column elementor-col-50 elementor-inner-column elementor-element elementor-element-6a977b8\" data-id=\"6a977b8\" data-element_type=\"column\" data-e-type=\"column\">\n\t\t\t<div class=\"elementor-widget-wrap elementor-element-populated\">\n\t\t\t\t\t\t<div class=\"elementor-element elementor-element-7ec72f1d elementor-button-danger elementor-align-center elementor-widget elementor-widget-button\" data-id=\"7ec72f1d\" data-element_type=\"widget\" data-e-type=\"widget\" data-widget_type=\"button.default\">\n\t\t\t\t<div class=\"elementor-widget-container\">\n\t\t\t\t\t\t\t\t\t<div class=\"elementor-button-wrapper\">\n\t\t\t\t\t<a class=\"elementor-button elementor-button-link elementor-size-md\" href=\"https:\/\/ladypulsar.net\/?page_id=824\">\n\t\t\t\t\t\t<span class=\"elementor-button-content-wrapper\">\n\t\t\t\t\t\t\t\t\t<span class=\"elementor-button-text\">over 18 years<\/span>\n\t\t\t\t\t<\/span>\n\t\t\t\t\t<\/a>\n\t\t\t\t<\/div>\n\t\t\t\t\t\t\t\t<\/div>\n\t\t\t\t<\/div>\n\t\t\t\t\t<\/div>\n\t\t<\/div>\n\t\t\t\t\t<\/div>\n\t\t<\/section>\n\t\t\t\t<section class=\"elementor-section elementor-inner-section elementor-element elementor-element-6f19dc0 elementor-section-boxed elementor-section-height-default elementor-section-height-default\" data-id=\"6f19dc0\" data-element_type=\"section\" data-e-type=\"section\">\n\t\t\t\t\t\t<div class=\"elementor-container elementor-column-gap-default\">\n\t\t\t\t\t<div class=\"elementor-column elementor-col-100 elementor-inner-column elementor-element elementor-element-1f85ef0f\" data-id=\"1f85ef0f\" data-element_type=\"column\" data-e-type=\"column\">\n\t\t\t<div class=\"elementor-widget-wrap elementor-element-populated\">\n\t\t\t\t\t\t<div class=\"elementor-element elementor-element-4eb770a6 elementor-widget elementor-widget-text-editor\" data-id=\"4eb770a6\" data-element_type=\"widget\" data-e-type=\"widget\" data-widget_type=\"text-editor.default\">\n\t\t\t\t<div class=\"elementor-widget-container\">\n\t\t\t\t\t\t\t\t\t<p>Kontakt<\/p>\t\t\t\t\t\t\t\t<\/div>\n\t\t\t\t<\/div>\n\t\t\t\t<div class=\"elementor-element elementor-element-691ac56c elementor-widget elementor-widget-text-editor\" data-id=\"691ac56c\" data-element_type=\"widget\" data-e-type=\"widget\" data-widget_type=\"text-editor.default\">\n\t\t\t\t<div class=\"elementor-widget-container\">\n\t\t\t\t\t\t\t\t\t<p>ladypulsar@gmx.de<\/p>\t\t\t\t\t\t\t\t<\/div>\n\t\t\t\t<\/div>\n\t\t\t\t\t<\/div>\n\t\t<\/div>\n\t\t\t\t\t<\/div>\n\t\t<\/section>\n\t\t\t\t<div class=\"elementor-element elementor-element-3fee612d elementor-widget elementor-widget-image\" data-id=\"3fee612d\" data-element_type=\"widget\" data-e-type=\"widget\" data-widget_type=\"image.default\">\n\t\t\t\t<div class=\"elementor-widget-container\">\n\t\t\t\t\t\t\t\t\t\t\t\t\t\t\t\t<a href=\"https:\/\/ladypulsar.net\/eintritt\/startseite\/\">\n\t\t\t\t\t\t\t<img decoding=\"async\" width=\"300\" height=\"133\" src=\"https:\/\/ladypulsar.net\/wp-content\/uploads\/2023\/09\/Banner-970x430-1-300x133.jpg\" class=\"attachment-medium size-medium wp-image-134\" alt=\"\" srcset=\"https:\/\/ladypulsar.net\/wp-content\/uploads\/2023\/09\/Banner-970x430-1-300x133.jpg 300w, https:\/\/ladypulsar.net\/wp-content\/uploads\/2023\/09\/Banner-970x430-1-768x340.jpg 768w, https:\/\/ladypulsar.net\/wp-content\/uploads\/2023\/09\/Banner-970x430-1.jpg 970w\" sizes=\"(max-width: 300px) 100vw, 300px\" \/>\t\t\t\t\t\t\t\t<\/a>\n\t\t\t\t\t\t\t\t\t\t\t\t\t\t\t<\/div>\n\t\t\t\t<\/div>\n\t\t\t\t\t<\/div>\n\t\t<\/div>\n\t\t\t\t\t<\/div>\n\t\t<\/section>\n\t\t\t\t<\/div>\n\t\t","protected":false},"excerpt":{"rendered":"<p>Wichtiger Hinweis &#8211; Jugendschutzgesetz Die folgenden Seiten enthalten in Bild und Text Material zum Thema Fetsich und SM. Jugendliche unter 18 Jahren oder Personen, die nach den Gesetzen ihres Landes noch nicht vollj\u00e4hrig sind, m\u00fcssen diese Homepage jetzt verlassen! Danke. Lady Pulsar Jetzt verlassen Ich bin \u00fcber 18 Important note &#8211; Youth Protection The following [&hellip;]<\/p>\n","protected":false},"author":1,"featured_media":0,"parent":0,"menu_order":0,"comment_status":"closed","ping_status":"closed","template":"elementor_canvas","meta":{"footnotes":""},"class_list":["post-2","page","type-page","status-publish","hentry"],"yoast_head":"<!-- This site is optimized with the Yoast SEO plugin v27.6 - https:\/\/yoast.com\/product\/yoast-seo-wordpress\/ -->\n<title>Eintritt - Domina Heidelberg Lady Pulsar<\/title>\n<meta name=\"description\" content=\"Domina aus Heidelberg mit Leidenschaft und Niveau. Erfahre mehr \u00fcber deine Phantasiewelt und lebe dich aus. Ohne Hemmung und mit viel Vergn\u00fcgen\" \/>\n<meta name=\"robots\" content=\"index, follow, max-snippet:-1, max-image-preview:large, max-video-preview:-1\" \/>\n<link rel=\"canonical\" href=\"https:\/\/ladypulsar.net\/\" \/>\n<meta property=\"og:locale\" content=\"de_DE\" \/>\n<meta property=\"og:type\" content=\"article\" \/>\n<meta property=\"og:title\" content=\"Eintritt - Domina Heidelberg Lady Pulsar\" \/>\n<meta property=\"og:description\" content=\"Domina aus Heidelberg mit Leidenschaft und Niveau. Erfahre mehr \u00fcber deine Phantasiewelt und lebe dich aus. Ohne Hemmung und mit viel Vergn\u00fcgen\" \/>\n<meta property=\"og:url\" content=\"https:\/\/ladypulsar.net\/\" \/>\n<meta property=\"og:site_name\" content=\"Domina Heidelberg Lady Pulsar\" \/>\n<meta property=\"article:modified_time\" content=\"2026-05-16T06:12:10+00:00\" \/>\n<meta property=\"og:image\" content=\"https:\/\/ladypulsar.net\/wp-content\/uploads\/2023\/09\/Banner-970x430-1.jpg\" \/>\n\t<meta property=\"og:image:width\" content=\"970\" \/>\n\t<meta property=\"og:image:height\" content=\"430\" \/>\n\t<meta property=\"og:image:type\" content=\"image\/jpeg\" \/>\n<meta name=\"twitter:card\" content=\"summary_large_image\" \/>\n<meta name=\"twitter:label1\" content=\"Gesch\u00e4tzte Lesezeit\" \/>\n\t<meta name=\"twitter:data1\" content=\"1\u00a0Minute\" \/>\n<script type=\"application\/ld+json\" class=\"yoast-schema-graph\">{\"@context\":\"https:\\\/\\\/schema.org\",\"@graph\":[{\"@type\":\"WebPage\",\"@id\":\"https:\\\/\\\/ladypulsar.net\\\/\",\"url\":\"https:\\\/\\\/ladypulsar.net\\\/\",\"name\":\"Eintritt - Domina Heidelberg Lady Pulsar\",\"isPartOf\":{\"@id\":\"https:\\\/\\\/ladypulsar.net\\\/#website\"},\"primaryImageOfPage\":{\"@id\":\"https:\\\/\\\/ladypulsar.net\\\/#primaryimage\"},\"image\":{\"@id\":\"https:\\\/\\\/ladypulsar.net\\\/#primaryimage\"},\"thumbnailUrl\":\"https:\\\/\\\/ladypulsar.net\\\/wp-content\\\/uploads\\\/2023\\\/09\\\/Banner-970x430-1-300x133.jpg\",\"datePublished\":\"2023-09-06T13:14:32+00:00\",\"dateModified\":\"2026-05-16T06:12:10+00:00\",\"description\":\"Domina aus Heidelberg mit Leidenschaft und Niveau. Erfahre mehr \u00fcber deine Phantasiewelt und lebe dich aus. Ohne Hemmung und mit viel Vergn\u00fcgen\",\"breadcrumb\":{\"@id\":\"https:\\\/\\\/ladypulsar.net\\\/#breadcrumb\"},\"inLanguage\":\"de\",\"potentialAction\":[{\"@type\":\"ReadAction\",\"target\":[\"https:\\\/\\\/ladypulsar.net\\\/\"]}]},{\"@type\":\"ImageObject\",\"inLanguage\":\"de\",\"@id\":\"https:\\\/\\\/ladypulsar.net\\\/#primaryimage\",\"url\":\"https:\\\/\\\/ladypulsar.net\\\/wp-content\\\/uploads\\\/2023\\\/09\\\/Banner-970x430-1.jpg\",\"contentUrl\":\"https:\\\/\\\/ladypulsar.net\\\/wp-content\\\/uploads\\\/2023\\\/09\\\/Banner-970x430-1.jpg\",\"width\":970,\"height\":430},{\"@type\":\"BreadcrumbList\",\"@id\":\"https:\\\/\\\/ladypulsar.net\\\/#breadcrumb\",\"itemListElement\":[{\"@type\":\"ListItem\",\"position\":1,\"name\":\"Startseite\",\"item\":\"https:\\\/\\\/ladypulsar.net\\\/\"},{\"@type\":\"ListItem\",\"position\":2,\"name\":\"Eintritt\"}]},{\"@type\":\"WebSite\",\"@id\":\"https:\\\/\\\/ladypulsar.net\\\/#website\",\"url\":\"https:\\\/\\\/ladypulsar.net\\\/\",\"name\":\"Domina Heidelberg Lady Pulsar\",\"description\":\"mit Leidenschaft und Niveau\",\"publisher\":{\"@id\":\"https:\\\/\\\/ladypulsar.net\\\/#organization\"},\"potentialAction\":[{\"@type\":\"SearchAction\",\"target\":{\"@type\":\"EntryPoint\",\"urlTemplate\":\"https:\\\/\\\/ladypulsar.net\\\/?s={search_term_string}\"},\"query-input\":{\"@type\":\"PropertyValueSpecification\",\"valueRequired\":true,\"valueName\":\"search_term_string\"}}],\"inLanguage\":\"de\"},{\"@type\":\"Organization\",\"@id\":\"https:\\\/\\\/ladypulsar.net\\\/#organization\",\"name\":\"Domina Heidelberg Lady Pulsar\",\"url\":\"https:\\\/\\\/ladypulsar.net\\\/\",\"logo\":{\"@type\":\"ImageObject\",\"inLanguage\":\"de\",\"@id\":\"https:\\\/\\\/ladypulsar.net\\\/#\\\/schema\\\/logo\\\/image\\\/\",\"url\":\"https:\\\/\\\/ladypulsar.net\\\/wp-content\\\/uploads\\\/2023\\\/09\\\/cropped-favicon-LP.png\",\"contentUrl\":\"https:\\\/\\\/ladypulsar.net\\\/wp-content\\\/uploads\\\/2023\\\/09\\\/cropped-favicon-LP.png\",\"width\":512,\"height\":512,\"caption\":\"Domina Heidelberg Lady Pulsar\"},\"image\":{\"@id\":\"https:\\\/\\\/ladypulsar.net\\\/#\\\/schema\\\/logo\\\/image\\\/\"}}]}<\/script>\n<!-- \/ Yoast SEO plugin. -->","yoast_head_json":{"title":"Eintritt - Domina Heidelberg Lady Pulsar","description":"Domina aus Heidelberg mit Leidenschaft und Niveau. Erfahre mehr \u00fcber deine Phantasiewelt und lebe dich aus. Ohne Hemmung und mit viel Vergn\u00fcgen","robots":{"index":"index","follow":"follow","max-snippet":"max-snippet:-1","max-image-preview":"max-image-preview:large","max-video-preview":"max-video-preview:-1"},"canonical":"https:\/\/ladypulsar.net\/","og_locale":"de_DE","og_type":"article","og_title":"Eintritt - Domina Heidelberg Lady Pulsar","og_description":"Domina aus Heidelberg mit Leidenschaft und Niveau. Erfahre mehr \u00fcber deine Phantasiewelt und lebe dich aus. Ohne Hemmung und mit viel Vergn\u00fcgen","og_url":"https:\/\/ladypulsar.net\/","og_site_name":"Domina Heidelberg Lady Pulsar","article_modified_time":"2026-05-16T06:12:10+00:00","og_image":[{"width":970,"height":430,"url":"https:\/\/ladypulsar.net\/wp-content\/uploads\/2023\/09\/Banner-970x430-1.jpg","type":"image\/jpeg"}],"twitter_card":"summary_large_image","twitter_misc":{"Gesch\u00e4tzte Lesezeit":"1\u00a0Minute"},"schema":{"@context":"https:\/\/schema.org","@graph":[{"@type":"WebPage","@id":"https:\/\/ladypulsar.net\/","url":"https:\/\/ladypulsar.net\/","name":"Eintritt - Domina Heidelberg Lady Pulsar","isPartOf":{"@id":"https:\/\/ladypulsar.net\/#website"},"primaryImageOfPage":{"@id":"https:\/\/ladypulsar.net\/#primaryimage"},"image":{"@id":"https:\/\/ladypulsar.net\/#primaryimage"},"thumbnailUrl":"https:\/\/ladypulsar.net\/wp-content\/uploads\/2023\/09\/Banner-970x430-1-300x133.jpg","datePublished":"2023-09-06T13:14:32+00:00","dateModified":"2026-05-16T06:12:10+00:00","description":"Domina aus Heidelberg mit Leidenschaft und Niveau. Erfahre mehr \u00fcber deine Phantasiewelt und lebe dich aus. Ohne Hemmung und mit viel Vergn\u00fcgen","breadcrumb":{"@id":"https:\/\/ladypulsar.net\/#breadcrumb"},"inLanguage":"de","potentialAction":[{"@type":"ReadAction","target":["https:\/\/ladypulsar.net\/"]}]},{"@type":"ImageObject","inLanguage":"de","@id":"https:\/\/ladypulsar.net\/#primaryimage","url":"https:\/\/ladypulsar.net\/wp-content\/uploads\/2023\/09\/Banner-970x430-1.jpg","contentUrl":"https:\/\/ladypulsar.net\/wp-content\/uploads\/2023\/09\/Banner-970x430-1.jpg","width":970,"height":430},{"@type":"BreadcrumbList","@id":"https:\/\/ladypulsar.net\/#breadcrumb","itemListElement":[{"@type":"ListItem","position":1,"name":"Startseite","item":"https:\/\/ladypulsar.net\/"},{"@type":"ListItem","position":2,"name":"Eintritt"}]},{"@type":"WebSite","@id":"https:\/\/ladypulsar.net\/#website","url":"https:\/\/ladypulsar.net\/","name":"Domina Heidelberg Lady Pulsar","description":"mit Leidenschaft und Niveau","publisher":{"@id":"https:\/\/ladypulsar.net\/#organization"},"potentialAction":[{"@type":"SearchAction","target":{"@type":"EntryPoint","urlTemplate":"https:\/\/ladypulsar.net\/?s={search_term_string}"},"query-input":{"@type":"PropertyValueSpecification","valueRequired":true,"valueName":"search_term_string"}}],"inLanguage":"de"},{"@type":"Organization","@id":"https:\/\/ladypulsar.net\/#organization","name":"Domina Heidelberg Lady Pulsar","url":"https:\/\/ladypulsar.net\/","logo":{"@type":"ImageObject","inLanguage":"de","@id":"https:\/\/ladypulsar.net\/#\/schema\/logo\/image\/","url":"https:\/\/ladypulsar.net\/wp-content\/uploads\/2023\/09\/cropped-favicon-LP.png","contentUrl":"https:\/\/ladypulsar.net\/wp-content\/uploads\/2023\/09\/cropped-favicon-LP.png","width":512,"height":512,"caption":"Domina Heidelberg Lady Pulsar"},"image":{"@id":"https:\/\/ladypulsar.net\/#\/schema\/logo\/image\/"}}]}},"_links":{"self":[{"href":"https:\/\/ladypulsar.net\/index.php?rest_route=\/wp\/v2\/pages\/2","targetHints":{"allow":["GET"]}}],"collection":[{"href":"https:\/\/ladypulsar.net\/index.php?rest_route=\/wp\/v2\/pages"}],"about":[{"href":"https:\/\/ladypulsar.net\/index.php?rest_route=\/wp\/v2\/types\/page"}],"author":[{"embeddable":true,"href":"https:\/\/ladypulsar.net\/index.php?rest_route=\/wp\/v2\/users\/1"}],"replies":[{"embeddable":true,"href":"https:\/\/ladypulsar.net\/index.php?rest_route=%2Fwp%2Fv2%2Fcomments&post=2"}],"version-history":[{"count":66,"href":"https:\/\/ladypulsar.net\/index.php?rest_route=\/wp\/v2\/pages\/2\/revisions"}],"predecessor-version":[{"id":986,"href":"https:\/\/ladypulsar.net\/index.php?rest_route=\/wp\/v2\/pages\/2\/revisions\/986"}],"wp:attachment":[{"href":"https:\/\/ladypulsar.net\/index.php?rest_route=%2Fwp%2Fv2%2Fmedia&parent=2"}],"curies":[{"name":"wp","href":"https:\/\/api.w.org\/{rel}","templated":true}]}}